{"id":1169,"date":"2022-05-24T10:45:01","date_gmt":"2022-05-24T08:45:01","guid":{"rendered":"https:\/\/konkurs-instytut-biologii.sarp.warszawa.pl\/?page_id=1169"},"modified":"2023-09-26T10:59:11","modified_gmt":"2023-09-26T08:59:11","slug":"regulamin","status":"publish","type":"page","link":"http:\/\/konkurs-biezun.sarp.warszawa.pl\/index.php\/regulamin\/","title":{"rendered":"Regulamin"},"content":{"rendered":"\n<div style=\"height:20px\" aria-hidden=\"true\" class=\"wp-block-spacer\"><\/div>\n\n\n\n<p>Regulamin konkursu oraz Za\u0142\u0105czniki do Regulaminu dost\u0119pne s\u0105 do pobrania poni\u017cej<\/p>\n\n\n\n<div style=\"height:15px\" aria-hidden=\"true\" class=\"wp-block-spacer\"><\/div>\n\n\n\n<p><a href=\"http:\/\/konkurs-biezun.sarp.warszawa.pl\/wp-content\/uploads\/2023\/07\/REGULAMIN_KONKURSU_BIEZUN.pdf\" target=\"_blank\" rel=\"noreferrer noopener\">REGULAMIN KONKURSU BIEZUN<\/a><\/p>\n\n\n\n<div style=\"height:20px\" aria-hidden=\"true\" class=\"wp-block-spacer\"><\/div>\n\n\n\n<p><a href=\"https:\/\/konkurs-biezun.sarp.warszawa.pl\/zalaczniki_formalne_1_do_5.zip\" target=\"_blank\" rel=\"noreferrer noopener\">ZALACZNIKI FORMALNE NR 1 DO 5.ZIP<\/a><\/p>\n\n\n\n<p><a href=\"https:\/\/konkurs-biezun.sarp.warszawa.pl\/zalaczniki_7a_7p.zip\" target=\"_blank\" rel=\"noreferrer noopener\">ZALACZNIKI INFOPRMACYJNE NR 7.ZIP<\/a><\/p>\n\n\n\n<p><a rel=\"noreferrer noopener\" href=\"http:\/\/konkurs-biezun.sarp.warszawa.pl\/wp-content\/uploads\/2023\/09\/Zal_6a_Koszty_inwestycji_do_wypelnienia.xlsx\" target=\"_blank\">ZALACZNIK PROJEKTOWY NR 6a<\/a><\/p>\n\n\n\n<p><a href=\"http:\/\/konkurs-biezun.sarp.warszawa.pl\/wp-content\/uploads\/2023\/09\/Zal_6b1_6b2_6b3_Tabele_do_wypelnienia_Uczestnik.xlsx\">ZALACZNIKI PROJEKTOWE NR 6b1, 6b2 i 6b3<\/a><\/p>\n\n\n\n<p><a href=\"ftp:\/\/owsarp.home.pl\/konkurs-biezun\/Zal_6b1_6b2_6b3.zip\">ZALACZNIKI PROJKETOWE 6a, 6b1, 6b2, 6b3.ZIP<\/a><\/p>\n\n\n\n<hr class=\"wp-block-separator has-alpha-channel-opacity\"\/>\n\n\n\n<p><strong><strong>26.07.2023<\/strong><\/strong><br>Opublikowano poprawiony w zwi\u0105zku z wyja\u015bnieniami 2 tre\u015bci Regulaminu konkursu Za\u0142\u0105cznik nr 3a do Regulaminu<\/p>\n\n\n\n<p><a rel=\"noreferrer noopener\" href=\"http:\/\/konkurs-biezun.sarp.warszawa.pl\/wp-content\/uploads\/2023\/07\/Zalacznik_nr_3a_Poprawka_26_07_2023.doc\" target=\"_blank\">Za\u0142\u0105cznik nr 3a do Regulaminu Poprawka 26 07.2023<\/a><\/p>\n","protected":false},"excerpt":{"rendered":"<p>Regulamin konkursu oraz Za\u0142\u0105czniki do Regulaminu dost\u0119pne s\u0105 do pobrania poni\u017cej REGULAMIN KONKURSU BIEZUN ZALACZNIKI FORMALNE NR 1 DO 5.ZIP ZALACZNIKI INFOPRMACYJNE NR 7.ZIP ZALACZNIK PROJEKTOWY NR 6a ZALACZNIKI PROJEKTOWE NR 6b1, 6b2 i 6b3 ZALACZNIKI PROJKETOWE 6a, 6b1, 6b2,<span class=\"ellipsis\">&hellip;<\/span><\/p>\n<div class=\"read-more\"><a href=\"http:\/\/konkurs-biezun.sarp.warszawa.pl\/index.php\/regulamin\/\">Czytaj wi\u0119cej <span class=\"screen-reader-text\">Regulamin<\/span><span class=\"meta-nav\"> &#8250;<\/span><\/a><\/div>\n<p><!-- end of .read-more --><\/p>\n","protected":false},"author":2,"featured_media":0,"parent":0,"menu_order":0,"comment_status":"closed","ping_status":"closed","template":"","meta":{"footnotes":""},"class_list":["post-1169","page","type-page","status-publish","hentry"],"_links":{"self":[{"href":"http:\/\/konkurs-biezun.sarp.warszawa.pl\/index.php\/wp-json\/wp\/v2\/pages\/1169","targetHints":{"allow":["GET"]}}],"collection":[{"href":"http:\/\/konkurs-biezun.sarp.warszawa.pl\/index.php\/wp-json\/wp\/v2\/pages"}],"about":[{"href":"http:\/\/konkurs-biezun.sarp.warszawa.pl\/index.php\/wp-json\/wp\/v2\/types\/page"}],"author":[{"embeddable":true,"href":"http:\/\/konkurs-biezun.sarp.warszawa.pl\/index.php\/wp-json\/wp\/v2\/users\/2"}],"replies":[{"embeddable":true,"href":"http:\/\/konkurs-biezun.sarp.warszawa.pl\/index.php\/wp-json\/wp\/v2\/comments?post=1169"}],"version-history":[{"count":11,"href":"http:\/\/konkurs-biezun.sarp.warszawa.pl\/index.php\/wp-json\/wp\/v2\/pages\/1169\/revisions"}],"predecessor-version":[{"id":1599,"href":"http:\/\/konkurs-biezun.sarp.warszawa.pl\/index.php\/wp-json\/wp\/v2\/pages\/1169\/revisions\/1599"}],"wp:attachment":[{"href":"http:\/\/konkurs-biezun.sarp.warszawa.pl\/index.php\/wp-json\/wp\/v2\/media?parent=1169"}],"curies":[{"name":"wp","href":"https:\/\/api.w.org\/{rel}","templated":true}]}}