{"id":1165,"date":"2022-05-24T10:43:17","date_gmt":"2022-05-24T08:43:17","guid":{"rendered":"https:\/\/konkurs-instytut-biologii.sarp.warszawa.pl\/?page_id=1165"},"modified":"2023-07-12T11:13:20","modified_gmt":"2023-07-12T09:13:20","slug":"kontakt","status":"publish","type":"page","link":"http:\/\/konkurs-biezun.sarp.warszawa.pl\/index.php\/kontakt\/","title":{"rendered":"Kontakt"},"content":{"rendered":"\n<p>Komunikacja w Konkursie odbywa si\u0119 wy\u0142\u0105cznie przy u\u017cyciu Elektronicznej Platformy Konkursowej.<\/p>\n\n\n\n<p><strong><u>Elektroniczna Platforma Konkursowa (EPK) dost\u0119pna jest pod adresem:<\/u> <\/strong><br><a href=\"https:\/\/epk.sarp.pl\"><strong>https:\/\/epk.sarp.pl<\/strong><\/a><\/p>\n\n\n\n<p>Wszelk\u0105 korespondencj\u0119 pisemn\u0105 dozwolon\u0105 niniejszym Konkursie nale\u017cy kierowa\u0107 na adres:<\/p>\n\n\n\n<p>Oddzia\u0142 Warszawski<br>Stowarzyszenia Architekt\u00f3w Polskich<br>ul. Foksal 2<br>00-366 Warszawa<\/p>\n\n\n\n<p><strong>Sekretarz Konkursu:<\/strong><br>arch. kraj. Rafa\u0142 Mroczkowski<br>tel. +48 504\u00a0088 203<\/p>\n","protected":false},"excerpt":{"rendered":"<p>Komunikacja w Konkursie odbywa si\u0119 wy\u0142\u0105cznie przy u\u017cyciu Elektronicznej Platformy Konkursowej. Elektroniczna Platforma Konkursowa (EPK) dost\u0119pna jest pod adresem: https:\/\/epk.sarp.pl Wszelk\u0105 korespondencj\u0119 pisemn\u0105 dozwolon\u0105 niniejszym Konkursie nale\u017cy kierowa\u0107 na adres: Oddzia\u0142 WarszawskiStowarzyszenia Architekt\u00f3w Polskichul. Foksal 200-366 Warszawa Sekretarz Konkursu:arch. kraj.<span class=\"ellipsis\">&hellip;<\/span><\/p>\n<div class=\"read-more\"><a href=\"http:\/\/konkurs-biezun.sarp.warszawa.pl\/index.php\/kontakt\/\">Czytaj wi\u0119cej <span class=\"screen-reader-text\">Kontakt<\/span><span class=\"meta-nav\"> &#8250;<\/span><\/a><\/div>\n<p><!-- end of .read-more --><\/p>\n","protected":false},"author":2,"featured_media":0,"parent":0,"menu_order":0,"comment_status":"closed","ping_status":"closed","template":"","meta":{"footnotes":""},"class_list":["post-1165","page","type-page","status-publish","hentry"],"_links":{"self":[{"href":"http:\/\/konkurs-biezun.sarp.warszawa.pl\/index.php\/wp-json\/wp\/v2\/pages\/1165","targetHints":{"allow":["GET"]}}],"collection":[{"href":"http:\/\/konkurs-biezun.sarp.warszawa.pl\/index.php\/wp-json\/wp\/v2\/pages"}],"about":[{"href":"http:\/\/konkurs-biezun.sarp.warszawa.pl\/index.php\/wp-json\/wp\/v2\/types\/page"}],"author":[{"embeddable":true,"href":"http:\/\/konkurs-biezun.sarp.warszawa.pl\/index.php\/wp-json\/wp\/v2\/users\/2"}],"replies":[{"embeddable":true,"href":"http:\/\/konkurs-biezun.sarp.warszawa.pl\/index.php\/wp-json\/wp\/v2\/comments?post=1165"}],"version-history":[{"count":1,"href":"http:\/\/konkurs-biezun.sarp.warszawa.pl\/index.php\/wp-json\/wp\/v2\/pages\/1165\/revisions"}],"predecessor-version":[{"id":1494,"href":"http:\/\/konkurs-biezun.sarp.warszawa.pl\/index.php\/wp-json\/wp\/v2\/pages\/1165\/revisions\/1494"}],"wp:attachment":[{"href":"http:\/\/konkurs-biezun.sarp.warszawa.pl\/index.php\/wp-json\/wp\/v2\/media?parent=1165"}],"curies":[{"name":"wp","href":"https:\/\/api.w.org\/{rel}","templated":true}]}}