{"id":1159,"date":"2022-05-24T10:33:06","date_gmt":"2022-05-24T08:33:06","guid":{"rendered":"https:\/\/konkurs-instytut-biologii.sarp.warszawa.pl\/?page_id=1155"},"modified":"2023-07-12T11:20:24","modified_gmt":"2023-07-12T09:20:24","slug":"kryteria-oceny","status":"publish","type":"page","link":"http:\/\/konkurs-biezun.sarp.warszawa.pl\/index.php\/kryteria-oceny\/","title":{"rendered":"Kryteria oceny"},"content":{"rendered":"\n<p><strong><strong>KRYTERIA OCENY OPRACOWA\u0143 STUDIALNYCH<\/strong><br><\/strong>Opracowania studialne oceniane b\u0119d\u0105 wed\u0142ug nast\u0119puj\u0105cych kryteri\u00f3w:<\/p>\n\n\n\n<div style=\"height:15px\" aria-hidden=\"true\" class=\"wp-block-spacer\"><\/div>\n\n\n\n<p><strong>Kryteria pierwszorz\u0119dowe (w tej grupie wymienione poni\u017cej kryteria s\u0105 r\u00f3wnowa\u017cne)<\/strong><\/p>\n\n\n\n<ol class=\"wp-block-list\"><\/ol>\n\n\n\n<p>a) Atrakcyjno\u015b\u0107 rozwi\u0105za\u0144 architektonicznych w kontek\u015bcie wymaga\u0144 konserwatorskich.<br>b) Atrakcyjno\u015b\u0107 rozwi\u0105za\u0144 zagospodarowania przestrzeni parkowych w kontek\u015bcie wymaga\u0144 konserwatorskich.<br>c) Efektywno\u015b\u0107 i zasadno\u015b\u0107 rozwi\u0105za\u0144 przestrzenno-funkcjonalnych i programowych budynk\u00f3w.<br>d) Efektywno\u015b\u0107 i zasadno\u015b\u0107 rozwi\u0105za\u0144 przestrzenno-funkcjonalnych i programowych zagospodarowania przestrzeni parkowych.<br>e) Zastosowanie rozwi\u0105za\u0144 proekologicznych i energooszcz\u0119dnych zar\u00f3wno w budynkach jak i przestrzeni parkowej.<\/p>\n\n\n\n<p><strong>Kryterium drugorz\u0119dowe<\/strong><\/p>\n\n\n\n<p>a) Realno\u015b\u0107 i optymalizacja ekonomiczna przyj\u0119tych rozwi\u0105za\u0144 w odniesieniu do koszt\u00f3w realizacji Inwestycji i koszt\u00f3w jej u\u017cytkowania i utrzymania.<\/p>\n\n\n\n<hr class=\"wp-block-separator has-alpha-channel-opacity\"\/>\n\n\n\n<p><strong><strong>KRYTERIA OCENY <strong>PRAC KONKURSOWYCH<\/strong><\/strong><br><\/strong>Prace konkursowe oceniane b\u0119d\u0105 wed\u0142ug nast\u0119puj\u0105cych kryteri\u00f3w:<\/p>\n\n\n\n<div style=\"height:15px\" aria-hidden=\"true\" class=\"wp-block-spacer\"><\/div>\n\n\n\n<p><strong>Kryteria pierwszorz\u0119dowe (w tej grupie wymienione poni\u017cej kryteria s\u0105 r\u00f3wnowa\u017cne)<\/strong><\/p>\n\n\n\n<p>a) Atrakcyjno\u015b\u0107 rozwi\u0105za\u0144 architektonicznych w kontek\u015bcie wymaga\u0144 konserwatorskich.<br>b) Atrakcyjno\u015b\u0107 rozwi\u0105za\u0144 zagospodarowania przestrzeni parkowych w kontek\u015bcie wymaga\u0144 konserwatorskich.<br>c) Efektywno\u015b\u0107 i zasadno\u015b\u0107 rozwi\u0105za\u0144 przestrzenno-funkcjonalnych i programowych budynk\u00f3w.<br>d) Efektywno\u015b\u0107 i zasadno\u015b\u0107 rozwi\u0105za\u0144 przestrzenno-funkcjonalnych i programowych zagospodarowania przestrzeni parkowych.<br>e) Zastosowanie rozwi\u0105za\u0144 proekologicznych i energooszcz\u0119dnych zar\u00f3wno w budynkach jak i przestrzeni parkowej.<\/p>\n\n\n\n<p><strong>Kryterium drugorz\u0119dowe<\/strong><\/p>\n\n\n\n<p>a) Realno\u015b\u0107 i optymalizacja ekonomiczna przyj\u0119tych rozwi\u0105za\u0144 w odniesieniu do koszt\u00f3w realizacji Inwestycji i koszt\u00f3w jej u\u017cytkowania i utrzymania.<\/p>\n","protected":false},"excerpt":{"rendered":"<p>KRYTERIA OCENY OPRACOWA\u0143 STUDIALNYCHOpracowania studialne oceniane b\u0119d\u0105 wed\u0142ug nast\u0119puj\u0105cych kryteri\u00f3w: Kryteria pierwszorz\u0119dowe (w tej grupie wymienione poni\u017cej kryteria s\u0105 r\u00f3wnowa\u017cne) a) Atrakcyjno\u015b\u0107 rozwi\u0105za\u0144 architektonicznych w kontek\u015bcie wymaga\u0144 konserwatorskich.b) Atrakcyjno\u015b\u0107 rozwi\u0105za\u0144 zagospodarowania przestrzeni parkowych w kontek\u015bcie wymaga\u0144 konserwatorskich.c) Efektywno\u015b\u0107 i zasadno\u015b\u0107<span class=\"ellipsis\">&hellip;<\/span><\/p>\n<div class=\"read-more\"><a href=\"http:\/\/konkurs-biezun.sarp.warszawa.pl\/index.php\/kryteria-oceny\/\">Czytaj wi\u0119cej <span class=\"screen-reader-text\">Kryteria oceny<\/span><span class=\"meta-nav\"> &#8250;<\/span><\/a><\/div>\n<p><!-- end of .read-more --><\/p>\n","protected":false},"author":2,"featured_media":0,"parent":0,"menu_order":0,"comment_status":"closed","ping_status":"closed","template":"","meta":{"footnotes":""},"class_list":["post-1159","page","type-page","status-publish","hentry"],"_links":{"self":[{"href":"http:\/\/konkurs-biezun.sarp.warszawa.pl\/index.php\/wp-json\/wp\/v2\/pages\/1159","targetHints":{"allow":["GET"]}}],"collection":[{"href":"http:\/\/konkurs-biezun.sarp.warszawa.pl\/index.php\/wp-json\/wp\/v2\/pages"}],"about":[{"href":"http:\/\/konkurs-biezun.sarp.warszawa.pl\/index.php\/wp-json\/wp\/v2\/types\/page"}],"author":[{"embeddable":true,"href":"http:\/\/konkurs-biezun.sarp.warszawa.pl\/index.php\/wp-json\/wp\/v2\/users\/2"}],"replies":[{"embeddable":true,"href":"http:\/\/konkurs-biezun.sarp.warszawa.pl\/index.php\/wp-json\/wp\/v2\/comments?post=1159"}],"version-history":[{"count":1,"href":"http:\/\/konkurs-biezun.sarp.warszawa.pl\/index.php\/wp-json\/wp\/v2\/pages\/1159\/revisions"}],"predecessor-version":[{"id":1496,"href":"http:\/\/konkurs-biezun.sarp.warszawa.pl\/index.php\/wp-json\/wp\/v2\/pages\/1159\/revisions\/1496"}],"wp:attachment":[{"href":"http:\/\/konkurs-biezun.sarp.warszawa.pl\/index.php\/wp-json\/wp\/v2\/media?parent=1159"}],"curies":[{"name":"wp","href":"https:\/\/api.w.org\/{rel}","templated":true}]}}